{"id":1161,"date":"2023-07-31T09:42:39","date_gmt":"2023-07-31T07:42:39","guid":{"rendered":"https:\/\/socleatelier.fr\/?page_id=1161"},"modified":"2024-02-20T15:41:22","modified_gmt":"2024-02-20T14:41:22","slug":"atelier-socle-architecte-urbaniste-nantes","status":"publish","type":"page","link":"https:\/\/socleatelier.fr\/","title":{"rendered":"Home"},"content":{"rendered":"<div class=\"wpb-content-wrapper\">[vc_row][vc_column css=\u00a0\u00bb.vc_custom_1693319462504{background-position: center !important;background-repeat: no-repeat !important;background-size: cover !important;}\u00a0\u00bb][vc_empty_space height=\u00a0\u00bb16px\u00a0\u00bb][vc_empty_space][vc_column_text]\n<figure class=\"wp-block-gallery has-nested-images columns-default is-cropped\">\n<p style=\"text-align: center;\"><strong>socle est un atelier d\u2019architecture, d\u2019urbanisme et de r\u00e9flexion<br \/>\n<\/strong>qui travaille \u00e0 la valorisation de l\u2019existant et des savoir-faire locaux en d\u00e9fendant une pratique transversale entre urbanisme, architecture et p\u00e9dagogie. <strong>socle<\/strong> s\u2019att\u00e8le tout particuli\u00e8rement \u00e0 la r\u00e9habilitation du patrimoine dit ordinaire, dans une logique \u00e9conomique, \u00e9cologique et sociale.<\/p>\n<\/figure>\n[\/vc_column_text][vc_empty_space][\/vc_column][\/vc_row][vc_row][vc_column]\t<div id=\"thb-image-69f41d15baae2\" class=\"caption-style1  aligncenter full image-home thb_image_link wp-caption \">\n\t  \t\t\t<div class=\"thb-image-inner size_100\">\n\t\t\t\t<img decoding=\"async\" class=\"thb_image    lazyload\" src=\"data:image\/gif;base64,R0lGODlhAQABAAAAACH5BAEKAAEALAAAAAABAAEAAAICTAEAOw==\" data-src=\"https:\/\/socleatelier.fr\/wp-content\/uploads\/2023\/07\/socle_langon_01-scaled-2000x900.jpg\" width=\"2000\" height=\"900\" alt=\"socle_langon_01\" title=\"socle_langon_01\" loading=\"lazy\" \/>\t\t\t\t\t\t\t<\/div>\n\t\t\t\t\t\t\t\t\t<\/div>\n\t[vc_empty_space][\/vc_column][\/vc_row]\n<\/div>","protected":false},"excerpt":{"rendered":"<p>[vc_row][vc_column css=\u00a0\u00bb.vc_custom_1693319462504{background-position: center !important;background-repeat: no-repeat !important;background-size: cover !important;}\u00a0\u00bb][vc_empty_space height=\u00a0\u00bb16px\u00a0\u00bb][vc_empty_space][vc_column_text] socle est un atelier d\u2019architecture, d\u2019urbanisme et de r\u00e9flexion qui travaille \u00e0 la valorisation de l\u2019existant et des savoir-faire locaux en d\u00e9fendant une pratique transversale entre urbanisme, architecture et p\u00e9dagogie. socle s\u2019att\u00e8le tout particuli\u00e8rement \u00e0 la r\u00e9habilitation du patrimoine dit ordinaire, dans une logique \u00e9conomique, \u00e9cologique&hellip;<\/p>\n","protected":false},"author":1,"featured_media":0,"parent":0,"menu_order":0,"comment_status":"closed","ping_status":"closed","template":"","meta":{"footnotes":""},"class_list":["post-1161","page","type-page","status-publish","hentry"],"yoast_head":"<!-- This site is optimized with the Yoast SEO plugin v22.1 - https:\/\/yoast.com\/wordpress\/plugins\/seo\/ -->\n<title>Home - Socle Atelier<\/title>\n<meta name=\"description\" content=\"socle est un atelier d\u2019architecture, d\u2019urbanisme et de r\u00e9flexion fond\u00e9 par trois architectes et urbanistes dipl\u00f4m\u00e9s de l&#039;\u00e9cole de Nantes, qui travaillent \u00e0 la valorisation de l\u2019existant et des savoir-faire locaux en d\u00e9fendant une pratique transversale entre urbanisme, architecture et p\u00e9dagogie. socle travaille avec des collectivit\u00e9s, des particuliers et des associations, sur des projets urbains et architecturaux : plan-guide et \u00e9tudes pr\u00e9-op\u00e9rationnelles, ma\u00eetrise d\u2019\u0153uvre sp\u00e9cialis\u00e9e en biosourc\u00e9e avec des maitrises d&#039;ouvrages publiques et priv\u00e9es, r\u00e9sidence d&#039;architecture, concertation, programmation, programmes de recherche-action, enseignement, conf\u00e9rences, m\u00e9diation. socle s\u2019att\u00e8le tout particuli\u00e8rement \u00e0 la r\u00e9habilitation du patrimoine dit ordinaire, dans une logique \u00e9conomique, \u00e9cologique et sociale.\" \/>\n<meta name=\"robots\" content=\"index, follow, max-snippet:-1, max-image-preview:large, max-video-preview:-1\" \/>\n<link rel=\"canonical\" href=\"https:\/\/socleatelier.fr\/\" \/>\n<meta property=\"og:locale\" content=\"fr_FR\" \/>\n<meta property=\"og:type\" content=\"article\" \/>\n<meta property=\"og:title\" content=\"Home - Socle Atelier\" \/>\n<meta property=\"og:description\" content=\"socle est un atelier d\u2019architecture, d\u2019urbanisme et de r\u00e9flexion fond\u00e9 par trois architectes et urbanistes dipl\u00f4m\u00e9s de l&#039;\u00e9cole de Nantes, qui travaillent \u00e0 la valorisation de l\u2019existant et des savoir-faire locaux en d\u00e9fendant une pratique transversale entre urbanisme, architecture et p\u00e9dagogie. socle travaille avec des collectivit\u00e9s, des particuliers et des associations, sur des projets urbains et architecturaux : plan-guide et \u00e9tudes pr\u00e9-op\u00e9rationnelles, ma\u00eetrise d\u2019\u0153uvre sp\u00e9cialis\u00e9e en biosourc\u00e9e avec des maitrises d&#039;ouvrages publiques et priv\u00e9es, r\u00e9sidence d&#039;architecture, concertation, programmation, programmes de recherche-action, enseignement, conf\u00e9rences, m\u00e9diation. socle s\u2019att\u00e8le tout particuli\u00e8rement \u00e0 la r\u00e9habilitation du patrimoine dit ordinaire, dans une logique \u00e9conomique, \u00e9cologique et sociale.\" \/>\n<meta property=\"og:url\" content=\"https:\/\/socleatelier.fr\/\" \/>\n<meta property=\"og:site_name\" content=\"Socle Atelier\" \/>\n<meta property=\"article:modified_time\" content=\"2024-02-20T14:41:22+00:00\" \/>\n<meta name=\"twitter:card\" content=\"summary_large_image\" \/>\n<meta name=\"twitter:label1\" content=\"Dur\u00e9e de lecture estim\u00e9e\" \/>\n\t<meta name=\"twitter:data1\" content=\"1 minute\" \/>\n<script type=\"application\/ld+json\" class=\"yoast-schema-graph\">{\"@context\":\"https:\/\/schema.org\",\"@graph\":[{\"@type\":\"WebPage\",\"@id\":\"https:\/\/socleatelier.fr\/\",\"url\":\"https:\/\/socleatelier.fr\/\",\"name\":\"Home - Socle Atelier\",\"isPartOf\":{\"@id\":\"https:\/\/socleatelier.fr\/#website\"},\"datePublished\":\"2023-07-31T07:42:39+00:00\",\"dateModified\":\"2024-02-20T14:41:22+00:00\",\"description\":\"socle est un atelier d\u2019architecture, d\u2019urbanisme et de r\u00e9flexion fond\u00e9 par trois architectes et urbanistes dipl\u00f4m\u00e9s de l'\u00e9cole de Nantes, qui travaillent \u00e0 la valorisation de l\u2019existant et des savoir-faire locaux en d\u00e9fendant une pratique transversale entre urbanisme, architecture et p\u00e9dagogie. socle travaille avec des collectivit\u00e9s, des particuliers et des associations, sur des projets urbains et architecturaux : plan-guide et \u00e9tudes pr\u00e9-op\u00e9rationnelles, ma\u00eetrise d\u2019\u0153uvre sp\u00e9cialis\u00e9e en biosourc\u00e9e avec des maitrises d'ouvrages publiques et priv\u00e9es, r\u00e9sidence d'architecture, concertation, programmation, programmes de recherche-action, enseignement, conf\u00e9rences, m\u00e9diation. socle s\u2019att\u00e8le tout particuli\u00e8rement \u00e0 la r\u00e9habilitation du patrimoine dit ordinaire, dans une logique \u00e9conomique, \u00e9cologique et sociale.\",\"breadcrumb\":{\"@id\":\"https:\/\/socleatelier.fr\/#breadcrumb\"},\"inLanguage\":\"fr-FR\",\"potentialAction\":[{\"@type\":\"ReadAction\",\"target\":[\"https:\/\/socleatelier.fr\/\"]}]},{\"@type\":\"BreadcrumbList\",\"@id\":\"https:\/\/socleatelier.fr\/#breadcrumb\",\"itemListElement\":[{\"@type\":\"ListItem\",\"position\":1,\"name\":\"Accueil\",\"item\":\"https:\/\/socleatelier.fr\/\"},{\"@type\":\"ListItem\",\"position\":2,\"name\":\"Home\"}]},{\"@type\":\"WebSite\",\"@id\":\"https:\/\/socleatelier.fr\/#website\",\"url\":\"https:\/\/socleatelier.fr\/\",\"name\":\"Socle Atelier\",\"description\":\"\",\"publisher\":{\"@id\":\"https:\/\/socleatelier.fr\/#organization\"},\"potentialAction\":[{\"@type\":\"SearchAction\",\"target\":{\"@type\":\"EntryPoint\",\"urlTemplate\":\"https:\/\/socleatelier.fr\/?s={search_term_string}\"},\"query-input\":\"required name=search_term_string\"}],\"inLanguage\":\"fr-FR\"},{\"@type\":\"Organization\",\"@id\":\"https:\/\/socleatelier.fr\/#organization\",\"name\":\"Socle Atelier\",\"url\":\"https:\/\/socleatelier.fr\/\",\"logo\":{\"@type\":\"ImageObject\",\"inLanguage\":\"fr-FR\",\"@id\":\"https:\/\/socleatelier.fr\/#\/schema\/logo\/image\/\",\"url\":\"https:\/\/socleatelier.fr\/wp-content\/uploads\/2023\/07\/logo-rond-nb.png\",\"contentUrl\":\"https:\/\/socleatelier.fr\/wp-content\/uploads\/2023\/07\/logo-rond-nb.png\",\"width\":386,\"height\":386,\"caption\":\"Socle Atelier\"},\"image\":{\"@id\":\"https:\/\/socleatelier.fr\/#\/schema\/logo\/image\/\"},\"sameAs\":[\"https:\/\/www.instagram.com\/socleatelier\/\",\"https:\/\/www.linkedin.com\/company\/103561550\/admin\/feed\/posts\/\"]}]}<\/script>\n<!-- \/ Yoast SEO plugin. -->","yoast_head_json":{"title":"Home - Socle Atelier","description":"socle est un atelier d\u2019architecture, d\u2019urbanisme et de r\u00e9flexion fond\u00e9 par trois architectes et urbanistes dipl\u00f4m\u00e9s de l'\u00e9cole de Nantes, qui travaillent \u00e0 la valorisation de l\u2019existant et des savoir-faire locaux en d\u00e9fendant une pratique transversale entre urbanisme, architecture et p\u00e9dagogie. socle travaille avec des collectivit\u00e9s, des particuliers et des associations, sur des projets urbains et architecturaux : plan-guide et \u00e9tudes pr\u00e9-op\u00e9rationnelles, ma\u00eetrise d\u2019\u0153uvre sp\u00e9cialis\u00e9e en biosourc\u00e9e avec des maitrises d'ouvrages publiques et priv\u00e9es, r\u00e9sidence d'architecture, concertation, programmation, programmes de recherche-action, enseignement, conf\u00e9rences, m\u00e9diation. socle s\u2019att\u00e8le tout particuli\u00e8rement \u00e0 la r\u00e9habilitation du patrimoine dit ordinaire, dans une logique \u00e9conomique, \u00e9cologique et sociale.","robots":{"index":"index","follow":"follow","max-snippet":"max-snippet:-1","max-image-preview":"max-image-preview:large","max-video-preview":"max-video-preview:-1"},"canonical":"https:\/\/socleatelier.fr\/","og_locale":"fr_FR","og_type":"article","og_title":"Home - Socle Atelier","og_description":"socle est un atelier d\u2019architecture, d\u2019urbanisme et de r\u00e9flexion fond\u00e9 par trois architectes et urbanistes dipl\u00f4m\u00e9s de l'\u00e9cole de Nantes, qui travaillent \u00e0 la valorisation de l\u2019existant et des savoir-faire locaux en d\u00e9fendant une pratique transversale entre urbanisme, architecture et p\u00e9dagogie. socle travaille avec des collectivit\u00e9s, des particuliers et des associations, sur des projets urbains et architecturaux : plan-guide et \u00e9tudes pr\u00e9-op\u00e9rationnelles, ma\u00eetrise d\u2019\u0153uvre sp\u00e9cialis\u00e9e en biosourc\u00e9e avec des maitrises d'ouvrages publiques et priv\u00e9es, r\u00e9sidence d'architecture, concertation, programmation, programmes de recherche-action, enseignement, conf\u00e9rences, m\u00e9diation. socle s\u2019att\u00e8le tout particuli\u00e8rement \u00e0 la r\u00e9habilitation du patrimoine dit ordinaire, dans une logique \u00e9conomique, \u00e9cologique et sociale.","og_url":"https:\/\/socleatelier.fr\/","og_site_name":"Socle Atelier","article_modified_time":"2024-02-20T14:41:22+00:00","twitter_card":"summary_large_image","twitter_misc":{"Dur\u00e9e de lecture estim\u00e9e":"1 minute"},"schema":{"@context":"https:\/\/schema.org","@graph":[{"@type":"WebPage","@id":"https:\/\/socleatelier.fr\/","url":"https:\/\/socleatelier.fr\/","name":"Home - Socle Atelier","isPartOf":{"@id":"https:\/\/socleatelier.fr\/#website"},"datePublished":"2023-07-31T07:42:39+00:00","dateModified":"2024-02-20T14:41:22+00:00","description":"socle est un atelier d\u2019architecture, d\u2019urbanisme et de r\u00e9flexion fond\u00e9 par trois architectes et urbanistes dipl\u00f4m\u00e9s de l'\u00e9cole de Nantes, qui travaillent \u00e0 la valorisation de l\u2019existant et des savoir-faire locaux en d\u00e9fendant une pratique transversale entre urbanisme, architecture et p\u00e9dagogie. socle travaille avec des collectivit\u00e9s, des particuliers et des associations, sur des projets urbains et architecturaux : plan-guide et \u00e9tudes pr\u00e9-op\u00e9rationnelles, ma\u00eetrise d\u2019\u0153uvre sp\u00e9cialis\u00e9e en biosourc\u00e9e avec des maitrises d'ouvrages publiques et priv\u00e9es, r\u00e9sidence d'architecture, concertation, programmation, programmes de recherche-action, enseignement, conf\u00e9rences, m\u00e9diation. socle s\u2019att\u00e8le tout particuli\u00e8rement \u00e0 la r\u00e9habilitation du patrimoine dit ordinaire, dans une logique \u00e9conomique, \u00e9cologique et sociale.","breadcrumb":{"@id":"https:\/\/socleatelier.fr\/#breadcrumb"},"inLanguage":"fr-FR","potentialAction":[{"@type":"ReadAction","target":["https:\/\/socleatelier.fr\/"]}]},{"@type":"BreadcrumbList","@id":"https:\/\/socleatelier.fr\/#breadcrumb","itemListElement":[{"@type":"ListItem","position":1,"name":"Accueil","item":"https:\/\/socleatelier.fr\/"},{"@type":"ListItem","position":2,"name":"Home"}]},{"@type":"WebSite","@id":"https:\/\/socleatelier.fr\/#website","url":"https:\/\/socleatelier.fr\/","name":"Socle Atelier","description":"","publisher":{"@id":"https:\/\/socleatelier.fr\/#organization"},"potentialAction":[{"@type":"SearchAction","target":{"@type":"EntryPoint","urlTemplate":"https:\/\/socleatelier.fr\/?s={search_term_string}"},"query-input":"required name=search_term_string"}],"inLanguage":"fr-FR"},{"@type":"Organization","@id":"https:\/\/socleatelier.fr\/#organization","name":"Socle Atelier","url":"https:\/\/socleatelier.fr\/","logo":{"@type":"ImageObject","inLanguage":"fr-FR","@id":"https:\/\/socleatelier.fr\/#\/schema\/logo\/image\/","url":"https:\/\/socleatelier.fr\/wp-content\/uploads\/2023\/07\/logo-rond-nb.png","contentUrl":"https:\/\/socleatelier.fr\/wp-content\/uploads\/2023\/07\/logo-rond-nb.png","width":386,"height":386,"caption":"Socle Atelier"},"image":{"@id":"https:\/\/socleatelier.fr\/#\/schema\/logo\/image\/"},"sameAs":["https:\/\/www.instagram.com\/socleatelier\/","https:\/\/www.linkedin.com\/company\/103561550\/admin\/feed\/posts\/"]}]}},"_links":{"self":[{"href":"https:\/\/socleatelier.fr\/index.php?rest_route=\/wp\/v2\/pages\/1161","targetHints":{"allow":["GET"]}}],"collection":[{"href":"https:\/\/socleatelier.fr\/index.php?rest_route=\/wp\/v2\/pages"}],"about":[{"href":"https:\/\/socleatelier.fr\/index.php?rest_route=\/wp\/v2\/types\/page"}],"author":[{"embeddable":true,"href":"https:\/\/socleatelier.fr\/index.php?rest_route=\/wp\/v2\/users\/1"}],"replies":[{"embeddable":true,"href":"https:\/\/socleatelier.fr\/index.php?rest_route=%2Fwp%2Fv2%2Fcomments&post=1161"}],"version-history":[{"count":70,"href":"https:\/\/socleatelier.fr\/index.php?rest_route=\/wp\/v2\/pages\/1161\/revisions"}],"predecessor-version":[{"id":2209,"href":"https:\/\/socleatelier.fr\/index.php?rest_route=\/wp\/v2\/pages\/1161\/revisions\/2209"}],"wp:attachment":[{"href":"https:\/\/socleatelier.fr\/index.php?rest_route=%2Fwp%2Fv2%2Fmedia&parent=1161"}],"curies":[{"name":"wp","href":"https:\/\/api.w.org\/{rel}","templated":true}]}}